{"id":58,"date":"2023-12-13T17:10:54","date_gmt":"2023-12-13T16:10:54","guid":{"rendered":"https:\/\/cascadevillardarene.fr\/?page_id=58"},"modified":"2025-11-18T13:34:18","modified_gmt":"2025-11-18T12:34:18","slug":"infos","status":"publish","type":"page","link":"https:\/\/cascadevillardarene.fr\/index.php\/infos\/","title":{"rendered":"infos"},"content":{"rendered":"\n<div class=\"wp-block-cover alignfull is-light has-parallax\" style=\"min-height:1000px;aspect-ratio:unset;\"><div class=\"wp-block-cover__image-background wp-image-728 has-parallax\" style=\"background-position:50% 50%;background-image:url(http:\/\/cascadevillardarene.fr\/wp-content\/uploads\/2024\/01\/DJI_0724-scaled.jpg)\"><\/div><span aria-hidden=\"true\" class=\"wp-block-cover__background has-background-dim-0 has-background-dim\"><\/span><div class=\"wp-block-cover__inner-container is-layout-constrained wp-block-cover-is-layout-constrained\">\n<div style=\"height:299px\" aria-hidden=\"true\" class=\"wp-block-spacer\"><\/div>\n\n\n\n<p class=\"has-text-align-center has-theme-palette-9-color has-text-color has-link-color has-large-font-size wp-elements-32fe01997f590b8f7ee353b28d2c2833\"><\/p>\n\n\n\n<div class=\"wp-block-columns are-vertically-aligned-top is-layout-flex wp-container-core-columns-is-layout-9d6595d7 wp-block-columns-is-layout-flex\">\n<div class=\"wp-block-column is-vertically-aligned-top is-layout-flow wp-block-column-is-layout-flow\" style=\"flex-basis:100%\">\n<div class=\"wp-block-columns alignwide is-layout-flex wp-container-core-columns-is-layout-9d6595d7 wp-block-columns-is-layout-flex\">\n<div class=\"wp-block-column is-layout-flow wp-block-column-is-layout-flow\" style=\"flex-basis:100%\">\n<div class=\"wp-block-group\"><div class=\"wp-block-group__inner-container is-layout-constrained wp-block-group-is-layout-constrained\">\n<div class=\"wp-block-columns is-layout-flex wp-container-core-columns-is-layout-9d6595d7 wp-block-columns-is-layout-flex\">\n<div class=\"wp-block-column is-layout-flow wp-block-column-is-layout-flow\"><\/div>\n\n\n\n<div class=\"wp-block-column has-background is-layout-flow wp-block-column-is-layout-flow\" style=\"background-color:#fffdfdb3;padding-top:var(--wp--preset--spacing--50);padding-right:var(--wp--preset--spacing--50);padding-bottom:var(--wp--preset--spacing--50);padding-left:var(--wp--preset--spacing--50)\">\n<p class=\"has-text-align-left has-theme-palette-3-color has-text-color has-link-color wp-elements-9deb445be342de83bd85efe939c45f83\" style=\"font-size:18px\"><strong>Bienvenue \u00e0 la Cascade de Villar d&rsquo;Ar\u00e8ne!<\/strong><br><\/p>\n\n\n\n<p class=\"has-text-align-left has-theme-palette-3-color has-text-color has-link-color wp-elements-6fcece5fd9b6c4d9393a65215c1f3299\" style=\"font-size:18px\">Nous sommes heureux de vous accueillir sur ce site cr\u00e9\u00e9 \u00e0 l\u2019initiative du Club de Montagne et d\u2019Escalade de la Meije en \u00e9troite collaboration avec la commune de Villar d\u2019Ar\u00e8ne, la FFCAM, le Bureau des Guides de La Grave et le Parc National des Ecrins.<\/p>\n\n\n\n<p class=\"has-theme-palette-3-color has-text-color has-link-color wp-elements-fbb67e4b31affcd573b3da28dc287e97\" style=\"font-size:18px\">Cette cascade est englac\u00e9e artificiellement mais se trouve dans un site sauvage au bord de la Romanche. Afin de pouvoir profiter durablement de cette cascade, il convient \u00e0 toutes et \u00e0 tous d\u2019avoir un comportement responsable et respectueux.<\/p>\n\n\n\n<p class=\"has-theme-palette-3-color has-text-color has-link-color wp-elements-df5323033a29fc6b9b760ffe0ba2457e\" style=\"font-size:18px\">La Cascade \u00e9tant situ\u00e9e en zone c\u0153ur de Parc National, l\u2019int\u00e9gralit\u00e9 de la r\u00e9glementation inh\u00e9rente au Parc National des Ecrins s\u2019applique&nbsp;:&nbsp;<a href=\"http:\/\/www.ecrins-parcnational.fr\/reglementation\" target=\"_blank\" rel=\"noreferrer noopener\">www.ecrins-parcnational.fr\/reglementation<\/a><\/p>\n\n\n\n<p class=\"has-theme-palette-3-color has-text-color has-link-color wp-elements-78ef1eb1443012f31c62b004dd93225d\" style=\"font-size:18px\">8 \u00e0 10 lignes peuvent \u00eatre install\u00e9es.<\/p>\n\n\n\n<p class=\"has-theme-palette-3-color has-text-color has-link-color wp-elements-d7d706a10d4c6bb5164e79036e9c9230\" style=\"font-size:18px\">Certaines sont \u00e9quip\u00e9es de relais sur corde+maillon rapide autour d\u2019arbres (relais qui doivent parfois \u00eatre d\u00e9gag\u00e9s de la glace) ; &nbsp;pour d\u2019autres longueurs c\u2019est \u00e0 vous d\u2019installer les relais.&nbsp;Nous laissons&nbsp;donc&nbsp;le soin aux grimpeurs d\u2019\u00e9quiper leurs ascensions.&nbsp;L\u2019acc\u00e8s au haut des voies se fait par une main courante, en montant \u00e0 gauche \u00e0 l\u2019arriv\u00e9e de la tyrolienne.&nbsp;<\/p>\n\n\n\n<p class=\"has-theme-palette-3-color has-text-color has-link-color wp-elements-5750d5eb302228e132c05f8f9e5e04f6\" style=\"font-size:18px\"><strong>Veiller bien \u00e0 ne pas marcher sur les tuyaux d\u2019eau&nbsp;!<\/strong><\/p>\n\n\n\n<p class=\"has-theme-palette-3-color has-text-color has-link-color wp-elements-f16f5b5c6cead2b5009054689431e51a\" style=\"font-size:18px\">Les plus grandes longueurs font 25-30m mais il vaut mieux prendre une corde de 80m pour pouvoir s\u2019\u00e9loigner du pied des voies.&nbsp;<\/p>\n\n\n\n<p class=\"has-theme-palette-3-color has-text-color has-link-color wp-elements-1ce8c3a2a5b40799b206afbeae438149\" style=\"font-size:18px\">Pour acc\u00e9der \u00e0 la Cascade il faut obligatoirement:<\/p>\n\n\n\n<ul style=\"font-size:18px\" class=\"wp-block-list has-theme-palette-4-color has-text-color has-link-color wp-elements-10e53e23bd93b48e2480167db0fd82b3\">\n<li>R\u00e9server un cr\u00e9neau de grimpe et r\u00e9gler sa participation financi\u00e8re de 6\u20ac par personne sur <a href=\"https:\/\/cascadevillardarene.fr\/index.php\/wpbc-booking\/\">la page r\u00e9servation<\/a> de ce site.<\/li>\n\n\n\n<li>\u00catre en possession d\u2019une assurance RC couvrant cette activit\u00e9.<\/li>\n<\/ul>\n\n\n\n<p>Tarif r\u00e9duit pour les \u00e9coles d&rsquo;aventure des clubs affili\u00e9s \u00e0 la FFCAM : se renseigner aupr\u00e8s du club cmedelameije@gmail.com<\/p>\n\n\n\n<p><strong>Pour vous r\u00e9chauffer, vous restaurer ou boire une bi\u00e8re, pensez au Resto-Bistrot du Moulin&#8230;vous passez \u00e0 c\u00f4t\u00e9!!<\/strong><\/p>\n\n\n\n<p class=\"has-theme-palette-4-color has-text-color has-link-color wp-elements-4c89a463a366f0ffa1199923de8f4573\" style=\"font-size:18px\">Si vous n\u2019\u00eates pas autonome, vous pouvez directement faire appel au&nbsp;<a href=\"https:\/\/www.guidelagrave.com\/\" target=\"_blank\" rel=\"noreferrer noopener\">Bureau des Guides de La Grave<\/a>&nbsp;o\u00f9 vous trouverez un professionnel disponible pour vous initier.<\/p>\n\n\n\n<p>L&rsquo;int\u00e9gralit\u00e9 des sommes per\u00e7ues sera utilis\u00e9e pour l&rsquo;encadrement des jeunes du Club de Montagne et d&rsquo;Escalade de la Meije ainsi que pour les frais de fonctionnement de la Cascade.<\/p>\n\n\n\n<p class=\"has-theme-palette-4-color has-text-color has-link-color wp-elements-f6ae617620a57f9ffdaaeaf5369d1d5b\" style=\"font-size:18px\">Le site peut \u00eatre ferm\u00e9 suivant les conditions, sur avis d\u2019une commission de s\u00e9curit\u00e9 d\u2019experts locaux. Pour votre s\u00e9curit\u00e9, respectez cet avis.&nbsp;<\/p>\n\n\n\n<div class=\"wp-block-buttons is-content-justification-center is-layout-flex wp-container-core-buttons-is-layout-16018d1d wp-block-buttons-is-layout-flex\">\n<div class=\"wp-block-button is-style-outline is-style-outline--1\"><a class=\"wp-block-button__link has-theme-palette-3-color has-text-color has-link-color wp-element-button\" href=\"https:\/\/cascadevillardarene.fr\/index.php\/wpbc-booking\/\" style=\"border-radius:100px;padding-top:var(--wp--preset--spacing--40);padding-right:var(--wp--preset--spacing--40);padding-bottom:var(--wp--preset--spacing--40);padding-left:var(--wp--preset--spacing--40)\"><em><strong>R\u00e9servez votre session !<\/strong><\/em><\/a><\/div>\n<\/div>\n<\/div>\n\n\n\n<div class=\"wp-block-column is-layout-flow wp-block-column-is-layout-flow\"><\/div>\n<\/div>\n<\/div><\/div>\n<\/div>\n<\/div>\n<\/div>\n<\/div>\n<\/div><\/div>\n\n\n\n<div class=\"wp-block-cover alignfull is-light has-parallax\" style=\"min-height:1000px;aspect-ratio:unset;\"><div class=\"wp-block-cover__image-background wp-image-655 has-parallax\" style=\"background-position:50% 50%;background-image:url(http:\/\/cascadevillardarene.fr\/wp-content\/uploads\/2024\/01\/455A3061-scaled.jpg)\"><\/div><span aria-hidden=\"true\" class=\"wp-block-cover__background has-background-dim-10 has-background-dim\"><\/span><div class=\"wp-block-cover__inner-container is-layout-constrained wp-block-cover-is-layout-constrained\">\n<p class=\"has-text-align-center has-large-font-size\"><\/p>\n<\/div><\/div>\n","protected":false},"excerpt":{"rendered":"","protected":false},"author":1,"featured_media":0,"parent":0,"menu_order":0,"comment_status":"closed","ping_status":"closed","template":"","meta":{"_kad_post_transparent":"enable","_kad_post_title":"","_kad_post_layout":"fullwidth","_kad_post_sidebar_id":"","_kad_post_content_style":"unboxed","_kad_post_vertical_padding":"hide","_kad_post_feature":"","_kad_post_feature_position":"","_kad_post_header":false,"_kad_post_footer":false,"footnotes":""},"class_list":["post-58","page","type-page","status-publish","hentry"],"_links":{"self":[{"href":"https:\/\/cascadevillardarene.fr\/index.php\/wp-json\/wp\/v2\/pages\/58","targetHints":{"allow":["GET"]}}],"collection":[{"href":"https:\/\/cascadevillardarene.fr\/index.php\/wp-json\/wp\/v2\/pages"}],"about":[{"href":"https:\/\/cascadevillardarene.fr\/index.php\/wp-json\/wp\/v2\/types\/page"}],"author":[{"embeddable":true,"href":"https:\/\/cascadevillardarene.fr\/index.php\/wp-json\/wp\/v2\/users\/1"}],"replies":[{"embeddable":true,"href":"https:\/\/cascadevillardarene.fr\/index.php\/wp-json\/wp\/v2\/comments?post=58"}],"version-history":[{"count":93,"href":"https:\/\/cascadevillardarene.fr\/index.php\/wp-json\/wp\/v2\/pages\/58\/revisions"}],"predecessor-version":[{"id":883,"href":"https:\/\/cascadevillardarene.fr\/index.php\/wp-json\/wp\/v2\/pages\/58\/revisions\/883"}],"wp:attachment":[{"href":"https:\/\/cascadevillardarene.fr\/index.php\/wp-json\/wp\/v2\/media?parent=58"}],"curies":[{"name":"wp","href":"https:\/\/api.w.org\/{rel}","templated":true}]}}