{"id":476,"date":"2023-12-22T18:53:40","date_gmt":"2023-12-22T17:53:40","guid":{"rendered":"https:\/\/cascadevillardarene.fr\/index.php\/wpbc-booking\/"},"modified":"2026-03-13T09:00:38","modified_gmt":"2026-03-13T08:00:38","slug":"wpbc-booking","status":"publish","type":"page","link":"https:\/\/cascadevillardarene.fr\/index.php\/wpbc-booking\/","title":{"rendered":"r\u00e9server"},"content":{"rendered":"\n<div class=\"wp-block-cover alignfull is-light has-parallax\" style=\"min-height:830px;aspect-ratio:unset;\"><div class=\"wp-block-cover__image-background wp-image-682 has-parallax\" style=\"background-position:50% 50%;background-image:url(http:\/\/cascadevillardarene.fr\/wp-content\/uploads\/2024\/01\/455A3367-scaled.jpg)\"><\/div><span aria-hidden=\"true\" class=\"wp-block-cover__background has-background-dim-10 has-background-dim\"><\/span><div class=\"wp-block-cover__inner-container is-layout-constrained wp-block-cover-is-layout-constrained\">\n<div class=\"wp-block-columns is-layout-flex wp-container-core-columns-is-layout-9d6595d7 wp-block-columns-is-layout-flex\">\n<div class=\"wp-block-column is-layout-flow wp-block-column-is-layout-flow\"><\/div>\n\n\n\n<div class=\"wp-block-column is-vertically-aligned-center has-background is-layout-flow wp-block-column-is-layout-flow\" style=\"background-color:#14151866;padding-top:var(--wp--preset--spacing--30);padding-right:var(--wp--preset--spacing--30);padding-bottom:var(--wp--preset--spacing--30);padding-left:var(--wp--preset--spacing--30)\">\n<h2 class=\"wp-block-heading has-text-align-center has-theme-palette-9-color has-text-color has-link-color wp-elements-c763fa2fc41b67f2202b1b5569538819\" style=\"font-style:normal;font-weight:600\">Calendrier de R\u00e9servation<\/h2>\n\n\n\n<p class=\"has-text-align-center has-theme-palette-9-color has-text-color has-link-color wp-elements-c69fdcf0ae9f12a3c5acf57dfb85b6fc\">Pour cause de \u00ab\u00a0printemps\u00a0\u00bb, la Cascade de Glace ferme dimanche soir 15 mars 2026<\/p>\n\n\n\n<p class=\"has-text-align-center has-theme-palette-9-color has-text-color has-link-color wp-elements-fe6b2fc4ddd829b146e329c1a56a2d54\">A l&rsquo;ann\u00e9e prochaine!!<\/p>\n\n\n\n<p class=\"has-text-align-center has-theme-palette-9-color has-text-color has-link-color wp-elements-34235b74960c6090e3944496d0ad4f5b\"><\/p>\n<\/div>\n\n\n\n<div class=\"wp-block-column is-layout-flow wp-block-column-is-layout-flow\"><\/div>\n<\/div>\n<\/div><\/div>\n\n\n\n<div class=\"wp-block-booking-booking\"> <div id=\"form_id1408628670202\"  class=\"wpbc_container wpbc_container_booking_form  wpdevelop \" ><form  id=\"booking_form26\"   class=\"booking_form vertical\" method=\"post\" action=\"\"><div id=\"ajax_respond_insert26\" class=\"ajax_respond_insert\" style=\"display:none;\"><\/div><a name=\"bklnk26\" id=\"bklnk26\"><\/a><div id=\"booking_form_div26\" class=\"booking_form_div\"><div class=\"wpbc_booking_form_structure wpbc_form_right\">\r\n  <div class=\"wpbc_structure_calendar\">\r\n    <div class=\"wpbc_calendar_wraper wpbc_change_over_triangle\"><div class=\"bk_calendar_frame wpbc_no_custom_width  months_num_in_row_ cal_month_num_1 wpbc_timeslot_day_bg_as_available\" style=\"\"><div id=\"calendar_booking26\">Chargement du calendrier...<\/div><\/div><textarea id=\"date_booking26\" name=\"date_booking26\" autocomplete=\"off\" style=\"display:none;\"><\/textarea><div class=\"block_hints datepick \"><div class=\"wpdev_hint_with_text\"><div class=\"block_free datepick-days-cell\"><a>&nbsp;<\/a><\/div><div class=\"block_text\">- <\/div><div class=\"block_text\">dispo<\/div><\/div><div class=\"wpdev_hint_with_text\"><div class=\"block_booked date_approved\">&nbsp;<\/div><div class=\"block_text\">- <\/div><div class=\"block_text\">complet<\/div><\/div><\/div><\/div>\r\n  <\/div>\r\n  <div class=\"wpbc_structure_form\">\r\n     <p>Tranche horaire*:<br \/><span class=\"wpbc_wrap_select wpdev-form-control-wrap rangetime26\"><select onchange=\"javascript:if(typeof( showCostHintInsideBkForm ) == 'function') {  showCostHintInsideBkForm(26);}\" name=\"rangetime26\" class=\"wpdev-validates-as-required\"><option value=\"09:00 - 13:00\">9h - 13h<\/option><option value=\"13:00 - 17:00\">13h - 17h<\/option><\/select><\/span><\/p>\r\n\t  <p>disponibilit\u00e9 <div class=\"capacity_hint capacity_hint_26\">&nbsp;...&nbsp;<\/div> \r\n     <p>Pr\u00e9nom*:<br \/><span class=\"wpbc_wrap_text wpdev-form-control-wrap name26\"><input type=\"text\" name=\"name26\" value=\"\" class=\"wpdev-validates-as-required\" size=\"40\" \/><\/span><\/p>\r\n     <p>Nom de famille*:<br \/><span class=\"wpbc_wrap_text wpdev-form-control-wrap secondname26\"><input type=\"text\" name=\"secondname26\" value=\"\" class=\"wpdev-validates-as-required\" size=\"40\" \/><\/span><\/p>\r\n     <p>Nombre de personnes*:<br \/><span class=\"wpbc_wrap_select wpdev-form-control-wrap visitors26\"><select onchange=\"javascript:if(typeof( showCostHintInsideBkForm ) == 'function') {  showCostHintInsideBkForm(26);}\" name=\"visitors26\" class=\"wpdev-validates-as-required\"><option value=\"1\">1<\/option><option value=\"2\">2<\/option><option value=\"3\">3<\/option><option value=\"4\">4<\/option><option value=\"5\">5<\/option><option value=\"6\">6<\/option><option value=\"7\">7<\/option><option value=\"8\">8<\/option><option value=\"9\">9<\/option><option value=\"10\">10<\/option><option value=\"11\">11<\/option><option value=\"12\">12<\/option><option value=\"13\">13<\/option><option value=\"14\">14<\/option><\/select><\/span><\/p>\r\n     <p>Email*:<br \/><span class=\"wpbc_wrap_text wpdev-form-control-wrap email26\"><input type=\"text\" name=\"email26\" value=\"\" class=\"wpdev-validates-as-email wpdev-validates-as-required\" size=\"40\" \/><\/span><\/p>\r\n     <p>T\u00e9l\u00e9phone*:<br \/><span class=\"wpbc_wrap_text wpdev-form-control-wrap phone26\"><input type=\"text\" name=\"phone26\" value=\"\" class=\"wpdev-validates-as-required\" size=\"40\" \/><\/span><\/p>\r\n     <p><span class=\"wpbc_wrap_checkbox wpdev-form-control-wrap jaiprisconnaissancedesconditionsdescurit26\"><span class=\"wpdev-validates-as-required wpdev-checkbox\"><span class=\"wpdev-list-item\"><label for=\"checkboxid177632871407215\"  class=\"wpdev-list-item-label\"><input  class=\"wpdev-validates-as-required wpdev-checkbox\" id=\"checkboxid177632871407215\"  onchange=\"javascript:if(typeof( showCostHintInsideBkForm ) == 'function') {  showCostHintInsideBkForm(26);}\"  type=\"checkbox\"  name=\"jaiprisconnaissancedesconditionsdescurit26[]\"  value=\"Je suis assur\u00e9.e pour cette activit\u00e9, ainsi que les personnes pour qui je fais cette r\u00e9servation\" \/>&nbsp;&nbsp;Je suis assur\u00e9.e pour cette activit\u00e9, ainsi que les personnes pour qui je fais cette r\u00e9servation<\/label><\/span><\/span><\/span><\/p>\r\n     <p><\/p>\r\n     <p><input type=\"button\" value=\"Envoyer\" class=\"wpbc_button_light btn\" onclick=\"mybooking_submit(this.form,26, 'fr_FR' );\" \/><img decoding=\"async\" class=\"ajax-loader\"  style=\"vertical-align:middle;box-shadow:none;width:14px;visibility: hidden;\" alt=\"ajax loader\" src=\"https:\/\/cascadevillardarene.fr\/wp-content\/plugins\/booking.bl.9.8.12\/assets\/img\/ajax-loader.gif\" \/><\/p>\r\n  <\/div>\r\n<\/div>\r\n<div class=\"wpbc_booking_form_footer\"><\/div><script type='text\/javascript'>jQuery(document).ready( function(){    moveOptionalElementsToGarbage( 26 ); });<\/script><script type='text\/javascript'> jQuery(document).ready( function(){   _wpbc.seasons__set( 26, [] );  }); <\/script><input id=\"bk_type26\" name=\"bk_type26\" class=\"\" type=\"hidden\" value=\"26\" \/><\/div><div id=\"submiting26\"><\/div><div class=\"form_bk_messages\" id=\"form_bk_messages26\" ><\/div><input type=\"hidden\" id=\"wpbc_nonceCALCULATE_THE_COST26\" name=\"wpbc_nonceCALCULATE_THE_COST26\" value=\"21eb43bc45\" \/><input type=\"hidden\" name=\"_wp_http_referer\" value=\"\/index.php\/wp-json\/wp\/v2\/pages\/476\" \/><\/form><\/div><div id=\"booking_form_garbage26\" class=\"booking_form_garbage\"><\/div><script type=\"text\/javascript\">\n                                jQuery(document).ready( function(){\n                                    jQuery(\".widget_wpdev_booking .booking_form.form-horizontal\").removeClass(\"form-horizontal\");\n                                    var visible_booking_id_on_page_num = visible_booking_id_on_page.length;\n                                    if (visible_booking_id_on_page_num !== null ) {\n                                        for (var i=0;i< visible_booking_id_on_page_num ;i++){\n                                          if ( visible_booking_id_on_page[i]==\"booking_form_div26\" ) {\n                                              document.getElementById(\"form_id1408628670202\").innerHTML = \"<span style='color:#A00;font-size:10px;'>Attention! Le calendrier des r\u00e9servations pour ce type de ressources est d\u00e9j\u00e0 sur la page, veuillez v\u00e9rifier toute question \u00e0 ce sujet sur cette page: https:\/\/wpbookingcalendar.com\/faq\/why-the-booking-calendar-widget-not-show-on-page\/.<\/span>\";                                                                                                  \n                                              jQuery(\"#form_id1408628670202\").animate( {opacity: 1}, 10000 ).fadeOut(5000);\n                                              return;\n                                          }\n                                        }\n                                        visible_booking_id_on_page[ visible_booking_id_on_page_num ]=\"booking_form_div26\";\n                                    }\n                                });\n                            <\/script> <script type='text\/javascript'> jQuery(document).ready( function(){  _wpbc.balancer__set_max_threads( 3 );  _wpbc.calendar__set_param_value( 26 , 'calendar_scroll_to' , false );  _wpbc.calendar__set_param_value( 26 , 'booking_max_monthes_in_calendar' , '5m' );  _wpbc.calendar__set_param_value( 26 , 'booking_start_day_weeek' , '1' );  _wpbc.calendar__set_param_value( 26 , 'calendar_number_of_months' , '1' );   _wpbc.calendar__set_param_value( 26, 'days_select_mode', 'single' );   _wpbc.calendar__set_param_value( 26, 'fixed__days_num', 3 );   _wpbc.calendar__set_param_value( 26, 'fixed__week_days__start',   [-1] );   _wpbc.calendar__set_param_value( 26, 'dynamic__days_min', 1 );   _wpbc.calendar__set_param_value( 26, 'dynamic__days_max', 30 );   _wpbc.calendar__set_param_value( 26, 'dynamic__days_specific',    [] );   _wpbc.calendar__set_param_value( 26, 'dynamic__week_days__start', [-1] );   _wpbc.calendar__set_param_value( 26, 'booking_date_format', 'j M Y' );   _wpbc.calendar__set_param_value( 26, 'booking_time_format', 'H:i' );  _wpbc.set_other_param( 'message_dates_times_unavailable', 'These dates and times in this calendar are already booked or unavailable.' );  _wpbc.set_other_param( 'message_choose_alternative_dates', 'Please choose alternative date(s), times, or adjust the number of slots booked.' );  _wpbc.set_other_param( 'message_cannot_save_in_one_resource', 'It is not possible to store this sequence of the dates into the one same resource.' );  _wpbc.calendar__set_param_value( 26 , 'is_parent_resource' , 1 );  _wpbc.calendar__set_param_value( 26 , 'booking_capacity_field' , 'visitors' );  _wpbc.calendar__set_param_value( 26 , 'booking_is_dissbale_booking_for_different_sub_resources' , 'On' );  _wpbc.calendar__set_param_value( 26 , 'booking_recurrent_time' , 'Off' );   if ( 'function' === typeof ( wpbc__conditions__SAVE_INITIAL__days_selection_params__bm ) ){ wpbc__conditions__SAVE_INITIAL__days_selection_params__bm( 26 ); }   wpbc_calendar_show( '26' );   _wpbc.set_secure_param( 'nonce',   '4bdf779e30' );   _wpbc.set_secure_param( 'user_id', '0' );   _wpbc.set_secure_param( 'locale',  'fr_FR' );  wpbc_calendar__load_data__ajx( {\"resource_id\":26,\"booking_hash\":\"\",\"request_uri\":\"\\\/index.php\\\/wp-json\\\/wp\\\/v2\\\/pages\\\/476\",\"custom_form\":\"standard\",\"aggregate_resource_id_str\":\"\"} );  } ); <\/script><div  id=\"gateway_payment_forms  wpdevelop \"><\/div><\/div>\n\n\n\n<p class=\"has-text-align-left\">A noter : <\/p>\n\n\n\n<ul class=\"wp-block-list\">\n<li>Pour des raisons \u00e9videntes de gestion, toute r\u00e9servation pay\u00e9e ne pourra en aucun cas \u00eatre rembours\u00e9e.<\/li>\n\n\n\n<li>Pour des raisons de commodit\u00e9 et de s\u00e9curit\u00e9, nous limitons le nombre de grimpeurs sur le site. Ce nombre peut varier suivant l&rsquo;\u00e9tat de la cascade. Actuellement: 14 personnes max \u00e0 la fois.<\/li>\n<\/ul>\n\n\n\n<div style=\"height:100px\" aria-hidden=\"true\" class=\"wp-block-spacer\"><\/div>\n\n\n\n<p><\/p>\n","protected":false},"excerpt":{"rendered":"<p>A noter :<\/p>\n","protected":false},"author":1,"featured_media":0,"parent":0,"menu_order":0,"comment_status":"closed","ping_status":"closed","template":"","meta":{"_kad_post_transparent":"default","_kad_post_title":"hide","_kad_post_layout":"narrow","_kad_post_sidebar_id":"","_kad_post_content_style":"default","_kad_post_vertical_padding":"hide","_kad_post_feature":"hide","_kad_post_feature_position":"","_kad_post_header":false,"_kad_post_footer":false,"footnotes":""},"class_list":["post-476","page","type-page","status-publish","hentry"],"_links":{"self":[{"href":"https:\/\/cascadevillardarene.fr\/index.php\/wp-json\/wp\/v2\/pages\/476","targetHints":{"allow":["GET"]}}],"collection":[{"href":"https:\/\/cascadevillardarene.fr\/index.php\/wp-json\/wp\/v2\/pages"}],"about":[{"href":"https:\/\/cascadevillardarene.fr\/index.php\/wp-json\/wp\/v2\/types\/page"}],"author":[{"embeddable":true,"href":"https:\/\/cascadevillardarene.fr\/index.php\/wp-json\/wp\/v2\/users\/1"}],"replies":[{"embeddable":true,"href":"https:\/\/cascadevillardarene.fr\/index.php\/wp-json\/wp\/v2\/comments?post=476"}],"version-history":[{"count":82,"href":"https:\/\/cascadevillardarene.fr\/index.php\/wp-json\/wp\/v2\/pages\/476\/revisions"}],"predecessor-version":[{"id":908,"href":"https:\/\/cascadevillardarene.fr\/index.php\/wp-json\/wp\/v2\/pages\/476\/revisions\/908"}],"wp:attachment":[{"href":"https:\/\/cascadevillardarene.fr\/index.php\/wp-json\/wp\/v2\/media?parent=476"}],"curies":[{"name":"wp","href":"https:\/\/api.w.org\/{rel}","templated":true}]}}