{"id":267,"date":"2023-12-18T15:18:31","date_gmt":"2023-12-18T14:18:31","guid":{"rendered":"https:\/\/cascadevillardarene.fr\/?page_id=267"},"modified":"2024-01-29T16:08:50","modified_gmt":"2024-01-29T15:08:50","slug":"conditions-dutilisation","status":"publish","type":"page","link":"https:\/\/cascadevillardarene.fr\/index.php\/conditions-dutilisation\/","title":{"rendered":"Conditions d&rsquo;utilisation et s\u00e9curit\u00e9"},"content":{"rendered":"\n<div class=\"wp-block-cover alignfull is-light has-parallax\" style=\"min-height:800px;aspect-ratio:unset;\"><span aria-hidden=\"true\" class=\"wp-block-cover__background has-background-dim-0 has-background-dim\"><\/span><div role=\"img\" class=\"wp-block-cover__image-background wp-image-821 has-parallax\" style=\"background-position:50% 50%;background-image:url(http:\/\/cascadevillardarene.fr\/wp-content\/uploads\/2024\/01\/455A3403-scaled.jpg)\"><\/div><div class=\"wp-block-cover__inner-container is-layout-constrained wp-block-cover-is-layout-constrained\">\n<p class=\"has-text-align-center has-large-font-size\"><\/p>\n<\/div><\/div>\n\n\n\n<p><strong>Conditions d&rsquo;utilisation et s\u00e9curit\u00e9<\/strong><\/p>\n\n\n\n<p style=\"font-size:17px\">Vous \u00e9voluez sous votre propre responsabilit\u00e9 selon l&rsquo;Art L.311-1-1 du code du sport, et avez pris connaissance des risques potentiels ainsi que des comp\u00e9tences n\u00e9cessaires \u00e0 la pratique de la cascade de glace.<\/p>\n\n\n\n<p>Nous vous rappelons que vous devez \u00eatre assur\u00e9 sp\u00e9cifiquement pour ce type d&rsquo;activit\u00e9. En cas de besoin d&rsquo;assurance, vous pouvez adh\u00e9rer au Club de Montagne et d&rsquo;Escalade de la Meije&nbsp;: <a href=\"mailto:cmedelameije@gmail.com\">cmedelameije@gmail.com<\/a><\/p>\n\n\n\n<p>Le gardien de l&rsquo;espace naturel dans lequel s&rsquo;exerce un sport de nature n&rsquo;est pas responsable des dommages caus\u00e9s \u00e0 un pratiquant, sur le fondement du premier alin\u00e9a de l&rsquo;article 1242 du code civil, lorsque ceux-ci r\u00e9sultent de la r\u00e9alisation d&rsquo;un risque normal et raisonnable pr\u00e9visible inh\u00e9rent&nbsp; \u00e0 la pratique sportive consid\u00e9r\u00e9e.<\/p>\n\n\n\n<p>Si vous rencontrez un probl\u00e8me, avec ce site ou avec la cascade, merci de le faire savoir : <a href=\"mailto:cmedelameije@gmail.com\" target=\"_blank\" rel=\"noreferrer noopener\">cmedelameije@gmail.com<\/a><\/p>\n\n\n\n<div class=\"wp-block-cover alignfull is-light has-parallax\" style=\"min-height:800px;aspect-ratio:unset;\"><span aria-hidden=\"true\" class=\"wp-block-cover__background has-background-dim-0 has-background-dim\"><\/span><div role=\"img\" class=\"wp-block-cover__image-background wp-image-512 has-parallax\" style=\"background-position:50% 50%;background-image:url(https:\/\/cascadevillardarene.fr\/wp-content\/uploads\/2023\/12\/455A2882-copie-1-scaled.jpg)\"><\/div><div class=\"wp-block-cover__inner-container is-layout-constrained wp-block-cover-is-layout-constrained\">\n<p class=\"has-text-align-center has-text-color has-link-color wp-elements-85872d9c724f3bb4dbb700dec47e879f\" style=\"color:#f7b852;font-size:53px\"><\/p>\n<\/div><\/div>\n","protected":false},"excerpt":{"rendered":"<p>Conditions d&rsquo;utilisation et s\u00e9curit\u00e9 Vous \u00e9voluez sous votre propre responsabilit\u00e9 selon l&rsquo;Art L.311-1-1 du code du sport, et avez pris connaissance des risques potentiels ainsi que des comp\u00e9tences n\u00e9cessaires \u00e0 la pratique de la cascade de glace. Nous vous rappelons que vous devez \u00eatre assur\u00e9 sp\u00e9cifiquement pour ce type d&rsquo;activit\u00e9. En cas de besoin d&rsquo;assurance,&#8230;<\/p>\n","protected":false},"author":1,"featured_media":0,"parent":0,"menu_order":0,"comment_status":"closed","ping_status":"closed","template":"","meta":{"_kad_post_transparent":"enable","_kad_post_title":"hide","_kad_post_layout":"narrow","_kad_post_sidebar_id":"","_kad_post_content_style":"","_kad_post_vertical_padding":"hide","_kad_post_feature":"","_kad_post_feature_position":"","_kad_post_header":false,"_kad_post_footer":false,"footnotes":""},"class_list":["post-267","page","type-page","status-publish","hentry"],"_links":{"self":[{"href":"https:\/\/cascadevillardarene.fr\/index.php\/wp-json\/wp\/v2\/pages\/267","targetHints":{"allow":["GET"]}}],"collection":[{"href":"https:\/\/cascadevillardarene.fr\/index.php\/wp-json\/wp\/v2\/pages"}],"about":[{"href":"https:\/\/cascadevillardarene.fr\/index.php\/wp-json\/wp\/v2\/types\/page"}],"author":[{"embeddable":true,"href":"https:\/\/cascadevillardarene.fr\/index.php\/wp-json\/wp\/v2\/users\/1"}],"replies":[{"embeddable":true,"href":"https:\/\/cascadevillardarene.fr\/index.php\/wp-json\/wp\/v2\/comments?post=267"}],"version-history":[{"count":50,"href":"https:\/\/cascadevillardarene.fr\/index.php\/wp-json\/wp\/v2\/pages\/267\/revisions"}],"predecessor-version":[{"id":826,"href":"https:\/\/cascadevillardarene.fr\/index.php\/wp-json\/wp\/v2\/pages\/267\/revisions\/826"}],"wp:attachment":[{"href":"https:\/\/cascadevillardarene.fr\/index.php\/wp-json\/wp\/v2\/media?parent=267"}],"curies":[{"name":"wp","href":"https:\/\/api.w.org\/{rel}","templated":true}]}}